{"id":4139,"date":"2019-12-16T18:52:21","date_gmt":"2019-12-16T17:52:21","guid":{"rendered":"https:\/\/restaurantmanicomi.com\/reserva\/"},"modified":"2026-03-03T13:19:37","modified_gmt":"2026-03-03T12:19:37","slug":"reserva","status":"publish","type":"page","link":"https:\/\/restaurantmanicomi.com\/es\/reserva\/","title":{"rendered":"Reserva"},"content":{"rendered":"<div class=\"fusion-fullwidth fullwidth-box fusion-builder-row-1 fusion-flex-container nonhundred-percent-fullwidth non-hundred-percent-height-scrolling\" style=\"--awb-border-radius-top-left:0px;--awb-border-radius-top-right:0px;--awb-border-radius-bottom-right:0px;--awb-border-radius-bottom-left:0px;--awb-padding-bottom:0%;--awb-flex-wrap:wrap;\" ><div class=\"fusion-builder-row fusion-row fusion-flex-align-items-flex-start fusion-flex-content-wrap\" style=\"max-width:1430px;margin-left: calc(-4% \/ 2 );margin-right: calc(-4% \/ 2 );\"><div class=\"fusion-layout-column fusion_builder_column fusion-builder-column-0 fusion_builder_column_1_1 1_1 fusion-flex-column fusion-no-large-visibility\" style=\"--awb-bg-size:cover;--awb-width-large:100%;--awb-margin-top-large:0px;--awb-spacing-right-large:1.92%;--awb-margin-bottom-large:0px;--awb-spacing-left-large:1.92%;--awb-width-medium:100%;--awb-spacing-right-medium:1.92%;--awb-spacing-left-medium:1.92%;--awb-width-small:100%;--awb-spacing-right-small:1.92%;--awb-spacing-left-small:1.92%;\"><div class=\"fusion-column-wrapper fusion-column-has-shadow fusion-flex-justify-content-flex-start fusion-content-layout-column\"><div class=\"fusion-separator fusion-full-width-sep\" style=\"align-self: center;margin-left: auto;margin-right: auto;margin-bottom:3%;width:100%;\"><\/div><\/div><\/div><div class=\"fusion-layout-column fusion_builder_column fusion-builder-column-1 fusion_builder_column_2_5 2_5 fusion-flex-column fusion-animated\" style=\"--awb-padding-right:0%;--awb-bg-size:cover;--awb-width-large:40%;--awb-margin-top-large:0px;--awb-spacing-right-large:5.76%;--awb-margin-bottom-large:8%;--awb-spacing-left-large:4.8%;--awb-width-medium:100%;--awb-spacing-right-medium:1.92%;--awb-spacing-left-medium:1.92%;--awb-width-small:100%;--awb-spacing-right-small:1.92%;--awb-spacing-left-small:1.92%;\" data-animationType=\"fadeInUp\" data-animationDuration=\"1.0\" data-animationOffset=\"top-into-view\"><div class=\"fusion-column-wrapper fusion-column-has-shadow fusion-flex-justify-content-flex-start fusion-content-layout-column\"><div class=\"fusion-image-element \" style=\"--awb-aspect-ratio: 100 \/ 47;--awb-object-position:37% 82%;--awb-caption-title-font-family:var(--h2_typography-font-family);--awb-caption-title-font-weight:var(--h2_typography-font-weight);--awb-caption-title-font-style:var(--h2_typography-font-style);--awb-caption-title-size:var(--h2_typography-font-size);--awb-caption-title-transform:var(--h2_typography-text-transform);--awb-caption-title-line-height:var(--h2_typography-line-height);--awb-caption-title-letter-spacing:var(--h2_typography-letter-spacing);\"><span class=\" fusion-imageframe imageframe-none imageframe-1 hover-type-none has-aspect-ratio\" style=\"border:2px solid var(--awb-color4);\"><img decoding=\"async\" width=\"1200\" height=\"800\" title=\"img-restaurant-manicomi (18)\" src=\"https:\/\/restaurantmanicomi.com\/wp-content\/uploads\/2026\/03\/img-restaurant-manicomi-18.jpg\" data-orig-src=\"https:\/\/restaurantmanicomi.com\/wp-content\/uploads\/2026\/03\/img-restaurant-manicomi-18.jpg\" class=\"lazyload img-responsive wp-image-4200 img-with-aspect-ratio\" alt srcset=\"data:image\/svg+xml,%3Csvg%20xmlns%3D%27http%3A%2F%2Fwww.w3.org%2F2000%2Fsvg%27%20width%3D%271200%27%20height%3D%27800%27%20viewBox%3D%270%200%201200%20800%27%3E%3Crect%20width%3D%271200%27%20height%3D%27800%27%20fill-opacity%3D%220%22%2F%3E%3C%2Fsvg%3E\" data-srcset=\"https:\/\/restaurantmanicomi.com\/wp-content\/uploads\/2026\/03\/img-restaurant-manicomi-18-200x133.jpg 200w, https:\/\/restaurantmanicomi.com\/wp-content\/uploads\/2026\/03\/img-restaurant-manicomi-18-400x267.jpg 400w, https:\/\/restaurantmanicomi.com\/wp-content\/uploads\/2026\/03\/img-restaurant-manicomi-18-600x400.jpg 600w, https:\/\/restaurantmanicomi.com\/wp-content\/uploads\/2026\/03\/img-restaurant-manicomi-18-800x533.jpg 800w, https:\/\/restaurantmanicomi.com\/wp-content\/uploads\/2026\/03\/img-restaurant-manicomi-18.jpg 1200w\" data-sizes=\"auto\" data-orig-sizes=\"(max-width: 1024px) 100vw, (max-width: 640px) 100vw, 600px\" \/><\/span><\/div><div class=\"fusion-separator fusion-full-width-sep\" style=\"align-self: center;margin-left: auto;margin-right: auto;margin-bottom:7%;width:100%;\"><\/div><div class=\"fusion-text fusion-text-1\"><p>Reserva hoy mismo en el Manicomio y prep\u00e1rate para vivir una experiencia gastron\u00f3mica inolvidable.<\/p>\n<\/div><div class=\"fusion-separator fusion-full-width-sep\" style=\"align-self: center;margin-left: auto;margin-right: auto;margin-bottom:2%;width:100%;\"><\/div><div class=\"fusion-title title fusion-title-1 fusion-sep-none fusion-title-text fusion-title-size-two\" style=\"--awb-margin-bottom:2%;\"><h2 class=\"fusion-title-heading title-heading-left fusion-responsive-typography-calculated\" style=\"margin:0;--fontSize:31;line-height:var(--awb-typography1-line-height);\">Reserva por tel\u00e9fono<\/h2><\/div><ul style=\"--awb-size:18px;--awb-line-height:30.6px;--awb-icon-width:30.6px;--awb-icon-height:30.6px;--awb-icon-margin:12.6px;--awb-content-margin:43.2px;\" class=\"fusion-checklist fusion-checklist-1 fusion-checklist-default type-icons\"><li class=\"fusion-li-item\" style=\"\"><span class=\"icon-wrapper circle-no\"><i class=\"fusion-li-icon fa-utensils fas\" aria-hidden=\"true\"><\/i><\/span><div class=\"fusion-li-item-content\">\n<p><strong><a href=\"tel:669 27 71 89\" data-dtype=\"d3ph\" data-local-attribute=\"d3ph\" data-ved=\"2ahUKEwicxrSxm72QAxXfgP0HHXjOBWkQkAgoAHoECDsQAg\"><span aria-label=\"Llamar al n\u00famero de tel\u00e9fono 669 27 71 89\">669 27 71 89<\/span><\/a><\/strong><\/p>\n<\/div><\/li><li class=\"fusion-li-item\" style=\"\"><span class=\"icon-wrapper circle-no\"><i class=\"fusion-li-icon fa-map-marker-alt fas\" aria-hidden=\"true\"><\/i><\/span><div class=\"fusion-li-item-content\">\n<p>Carrer del Dr. Fleming, 49,<br \/>\n25600 Balaguer<\/p>\n<\/div><\/li><\/ul><div class=\"fusion-separator fusion-full-width-sep\" style=\"align-self: center;margin-left: auto;margin-right: auto;margin-bottom:5%;width:100%;\"><\/div><div class=\"fusion-separator fusion-full-width-sep\" style=\"align-self: center;margin-left: auto;margin-right: auto;margin-bottom:3%;width:100%;\"><\/div><div class=\"fusion-social-links fusion-social-links-1\" style=\"--awb-margin-top:0px;--awb-margin-right:0px;--awb-margin-bottom:0px;--awb-margin-left:0px;--awb-alignment:left;--awb-box-border-top:0px;--awb-box-border-right:0px;--awb-box-border-bottom:0px;--awb-box-border-left:0px;--awb-icon-colors-hover:rgba(255,255,255,0.8);--awb-box-colors-hover:rgba(0,0,0,0.8);--awb-box-border-color:var(--awb-color3);--awb-box-border-color-hover:var(--awb-color4);\"><div class=\"fusion-social-networks boxed-icons color-type-custom\"><div class=\"fusion-social-networks-wrapper\"><a class=\"fusion-social-network-icon fusion-tooltip fusion-instagram awb-icon-instagram\" style=\"color:var(--awb-color1);font-size:15px;width:15px;background-color:var(--awb-color8);border-color:var(--awb-color8);border-radius:30px;\" data-placement=\"top\" data-title=\"Instagram\" data-toggle=\"tooltip\" title=\"Instagram\" aria-label=\"instagram\" target=\"_blank\" rel=\"noopener noreferrer\" href=\"https:\/\/www.instagram.com\/manicomigrup\"><\/a><\/div><\/div><\/div><div class=\"fusion-separator fusion-full-width-sep\" style=\"align-self: center;margin-left: auto;margin-right: auto;margin-bottom:3%;width:100%;\"><\/div><\/div><\/div><div class=\"fusion-layout-column fusion_builder_column fusion-builder-column-2 fusion_builder_column_3_5 3_5 fusion-flex-column fusion-animated\" style=\"--awb-bg-size:cover;--awb-width-large:60%;--awb-margin-top-large:0px;--awb-spacing-right-large:3.2%;--awb-margin-bottom-large:8%;--awb-spacing-left-large:5.76%;--awb-width-medium:100%;--awb-spacing-right-medium:1.92%;--awb-spacing-left-medium:1.92%;--awb-width-small:100%;--awb-spacing-right-small:1.92%;--awb-spacing-left-small:1.92%;\" data-animationType=\"fadeIn\" data-animationDuration=\"1.0\" data-animationOffset=\"top-into-view\"><div class=\"fusion-column-wrapper fusion-column-has-shadow fusion-flex-justify-content-flex-start fusion-content-layout-column\"><div class=\"fusion-text fusion-text-2\"><p><strong data-start=\"58\" data-end=\"83\">Contacta con nosotros<\/strong><br data-start=\"83\" data-end=\"86\" \/>Para cualquier consulta o duda, puedes escribirnos a trav\u00e9s de este formulario.<br data-start=\"165\" data-end=\"168\" data-is-only-node=\"\" \/>Para <strong data-start=\"173\" data-end=\"185\">reservas<\/strong>, ll\u00e1manos directamente <strong><a href=\"tel:669 27 71 89\" data-dtype=\"d3ph\" data-local-attribute=\"d3ph\" data-ved=\"2ahUKEwicxrSxm72QAxXfgP0HHXjOBWkQkAgoAHoECDsQAg\"><span aria-label=\"Llamar al n\u00famero de tel\u00e9fono 669 27 71 89\">669 27 71 89<\/span><\/a><span aria-label=\"Llamar al n\u00famero de tel\u00e9fono 669 27 71 89\">. <\/span><\/strong><em>Este formulario no es de reservas.<\/em><\/p>\n<\/div>\n<div class=\"wpcf7 no-js\" id=\"wpcf7-f4159-o1\" lang=\"es-ES\" dir=\"ltr\">\n<div class=\"screen-reader-response\"><p role=\"status\" aria-live=\"polite\" aria-atomic=\"true\"><\/p> <ul><\/ul><\/div>\n<form action=\"\/es\/wp-json\/wp\/v2\/pages\/4139#wpcf7-f4159-o1\" method=\"post\" class=\"wpcf7-form init\" aria-label=\"Formulario de contacto\" novalidate=\"novalidate\" data-status=\"init\">\n<div style=\"display: none;\">\n<input type=\"hidden\" name=\"_wpcf7\" value=\"4159\" \/>\n<input type=\"hidden\" name=\"_wpcf7_version\" value=\"5.9.3\" \/>\n<input type=\"hidden\" name=\"_wpcf7_locale\" value=\"es_ES\" \/>\n<input type=\"hidden\" name=\"_wpcf7_unit_tag\" value=\"wpcf7-f4159-o1\" \/>\n<input type=\"hidden\" name=\"_wpcf7_container_post\" value=\"0\" \/>\n<input type=\"hidden\" name=\"_wpcf7_posted_data_hash\" value=\"\" \/>\n<\/div>\n<p><label> Nombre<br \/>\n<span class=\"wpcf7-form-control-wrap\" data-name=\"your-name\"><input size=\"40\" class=\"wpcf7-form-control wpcf7-text wpcf7-validates-as-required\" autocomplete=\"name\" aria-required=\"true\" aria-invalid=\"false\" value=\"\" type=\"text\" name=\"your-name\" \/><\/span> <\/label>\n<\/p>\n<p><label> Correo Electr\u00f3nico<br \/>\n<span class=\"wpcf7-form-control-wrap\" data-name=\"your-email\"><input size=\"40\" class=\"wpcf7-form-control wpcf7-email wpcf7-validates-as-required wpcf7-text wpcf7-validates-as-email\" autocomplete=\"email\" aria-required=\"true\" aria-invalid=\"false\" value=\"\" type=\"email\" name=\"your-email\" \/><\/span> <\/label>\n<\/p>\n<p><label> Asunto<br \/>\n<span class=\"wpcf7-form-control-wrap\" data-name=\"your-subject\"><input size=\"40\" class=\"wpcf7-form-control wpcf7-text wpcf7-validates-as-required\" aria-required=\"true\" aria-invalid=\"false\" value=\"\" type=\"text\" name=\"your-subject\" \/><\/span> <\/label>\n<\/p>\n<p><label> Mensaje<br \/>\n<span class=\"wpcf7-form-control-wrap\" data-name=\"your-message\"><textarea cols=\"40\" rows=\"10\" class=\"wpcf7-form-control wpcf7-textarea wpcf7-validates-as-required\" aria-required=\"true\" aria-invalid=\"false\" name=\"your-message\"><\/textarea><\/span> <\/label>\n<\/p>\n<p><span class=\"wpcf7-form-control-wrap\" data-name=\"acceptance-127\"><span class=\"wpcf7-form-control wpcf7-acceptance optional\"><span class=\"wpcf7-list-item\"><label><input type=\"checkbox\" name=\"acceptance-127\" value=\"1\" aria-invalid=\"false\" \/><span class=\"wpcf7-list-item-label\">He le\u00eddo y acepto la <a href=\"\/es\/politica-privacitat\">Pol\u00edtica de Privacidad <\/a><\/span><\/label><\/span><\/span><\/span>\n<\/p>\n<p><input class=\"wpcf7-form-control wpcf7-submit has-spinner\" type=\"submit\" value=\"Enviar\" \/>\n<\/p><div class=\"fusion-alert alert custom alert-custom fusion-alert-center wpcf7-response-output fusion-alert-capitalize awb-alert-native-link-color alert-dismissable awb-alert-close-boxed\" style=\"--awb-border-size:1px;--awb-border-top-left-radius:0px;--awb-border-top-right-radius:0px;--awb-border-bottom-left-radius:0px;--awb-border-bottom-right-radius:0px;\" role=\"alert\"><div class=\"fusion-alert-content-wrapper\"><span class=\"fusion-alert-content\"><\/span><\/div><button type=\"button\" class=\"close toggle-alert\" data-dismiss=\"alert\" aria-label=\"Close\">&times;<\/button><\/div>\n<\/form>\n<\/div>\n<\/div><\/div><\/div><\/div>\n","protected":false},"excerpt":{"rendered":"","protected":false},"author":1,"featured_media":4198,"parent":0,"menu_order":0,"comment_status":"closed","ping_status":"closed","template":"100-width.php","meta":{"footnotes":""},"class_list":["post-4139","page","type-page","status-publish","has-post-thumbnail","hentry"],"yoast_head":"<!-- This site is optimized with the Yoast SEO plugin v22.6 - https:\/\/yoast.com\/wordpress\/plugins\/seo\/ -->\n<title>Reserva - Restaurant Manicomi<\/title>\n<meta name=\"robots\" content=\"index, follow, max-snippet:-1, max-image-preview:large, max-video-preview:-1\" \/>\n<link rel=\"canonical\" href=\"https:\/\/restaurantmanicomi.com\/es\/reserva\/\" \/>\n<meta property=\"og:locale\" content=\"es_ES\" \/>\n<meta property=\"og:type\" content=\"article\" \/>\n<meta property=\"og:title\" content=\"Reserva - Restaurant Manicomi\" \/>\n<meta property=\"og:url\" content=\"https:\/\/restaurantmanicomi.com\/es\/reserva\/\" \/>\n<meta property=\"og:site_name\" content=\"Restaurant Manicomi\" \/>\n<meta property=\"article:modified_time\" content=\"2026-03-03T12:19:37+00:00\" \/>\n<meta property=\"og:image\" content=\"https:\/\/restaurantmanicomi.com\/wp-content\/uploads\/2026\/03\/img-restaurant-manicomi-17.jpg\" \/>\n\t<meta property=\"og:image:width\" content=\"1200\" \/>\n\t<meta property=\"og:image:height\" content=\"800\" \/>\n\t<meta property=\"og:image:type\" content=\"image\/jpeg\" \/>\n<meta name=\"twitter:card\" content=\"summary_large_image\" \/>\n<meta name=\"twitter:label1\" content=\"Tiempo de lectura\" \/>\n\t<meta name=\"twitter:data1\" content=\"1 minuto\" \/>\n<script type=\"application\/ld+json\" class=\"yoast-schema-graph\">{\"@context\":\"https:\/\/schema.org\",\"@graph\":[{\"@type\":\"WebPage\",\"@id\":\"https:\/\/restaurantmanicomi.com\/es\/reserva\/\",\"url\":\"https:\/\/restaurantmanicomi.com\/es\/reserva\/\",\"name\":\"Reserva - Restaurant Manicomi\",\"isPartOf\":{\"@id\":\"https:\/\/restaurantmanicomi.com\/#website\"},\"primaryImageOfPage\":{\"@id\":\"https:\/\/restaurantmanicomi.com\/es\/reserva\/#primaryimage\"},\"image\":{\"@id\":\"https:\/\/restaurantmanicomi.com\/es\/reserva\/#primaryimage\"},\"thumbnailUrl\":\"https:\/\/restaurantmanicomi.com\/wp-content\/uploads\/2026\/03\/img-restaurant-manicomi-17.jpg\",\"datePublished\":\"2019-12-16T17:52:21+00:00\",\"dateModified\":\"2026-03-03T12:19:37+00:00\",\"breadcrumb\":{\"@id\":\"https:\/\/restaurantmanicomi.com\/es\/reserva\/#breadcrumb\"},\"inLanguage\":\"es\",\"potentialAction\":[{\"@type\":\"ReadAction\",\"target\":[\"https:\/\/restaurantmanicomi.com\/es\/reserva\/\"]}]},{\"@type\":\"ImageObject\",\"inLanguage\":\"es\",\"@id\":\"https:\/\/restaurantmanicomi.com\/es\/reserva\/#primaryimage\",\"url\":\"https:\/\/restaurantmanicomi.com\/wp-content\/uploads\/2026\/03\/img-restaurant-manicomi-17.jpg\",\"contentUrl\":\"https:\/\/restaurantmanicomi.com\/wp-content\/uploads\/2026\/03\/img-restaurant-manicomi-17.jpg\",\"width\":1200,\"height\":800},{\"@type\":\"BreadcrumbList\",\"@id\":\"https:\/\/restaurantmanicomi.com\/es\/reserva\/#breadcrumb\",\"itemListElement\":[{\"@type\":\"ListItem\",\"position\":1,\"name\":\"Inici\",\"item\":\"https:\/\/restaurantmanicomi.com\/es\/\"},{\"@type\":\"ListItem\",\"position\":2,\"name\":\"Reserva\"}]},{\"@type\":\"WebSite\",\"@id\":\"https:\/\/restaurantmanicomi.com\/#website\",\"url\":\"https:\/\/restaurantmanicomi.com\/\",\"name\":\"Restaurant Manicomi\",\"description\":\"Descobreix l\u2019ess\u00e8ncia de la cuina innovadora a Balaguer, viu una experi\u00e8ncia gastron\u00f2mica \u00fanica.\",\"potentialAction\":[{\"@type\":\"SearchAction\",\"target\":{\"@type\":\"EntryPoint\",\"urlTemplate\":\"https:\/\/restaurantmanicomi.com\/?s={search_term_string}\"},\"query-input\":\"required name=search_term_string\"}],\"inLanguage\":\"es\"}]}<\/script>\n<!-- \/ Yoast SEO plugin. -->","yoast_head_json":{"title":"Reserva - Restaurant Manicomi","robots":{"index":"index","follow":"follow","max-snippet":"max-snippet:-1","max-image-preview":"max-image-preview:large","max-video-preview":"max-video-preview:-1"},"canonical":"https:\/\/restaurantmanicomi.com\/es\/reserva\/","og_locale":"es_ES","og_type":"article","og_title":"Reserva - Restaurant Manicomi","og_url":"https:\/\/restaurantmanicomi.com\/es\/reserva\/","og_site_name":"Restaurant Manicomi","article_modified_time":"2026-03-03T12:19:37+00:00","og_image":[{"width":1200,"height":800,"url":"https:\/\/restaurantmanicomi.com\/wp-content\/uploads\/2026\/03\/img-restaurant-manicomi-17.jpg","type":"image\/jpeg"}],"twitter_card":"summary_large_image","twitter_misc":{"Tiempo de lectura":"1 minuto"},"schema":{"@context":"https:\/\/schema.org","@graph":[{"@type":"WebPage","@id":"https:\/\/restaurantmanicomi.com\/es\/reserva\/","url":"https:\/\/restaurantmanicomi.com\/es\/reserva\/","name":"Reserva - Restaurant Manicomi","isPartOf":{"@id":"https:\/\/restaurantmanicomi.com\/#website"},"primaryImageOfPage":{"@id":"https:\/\/restaurantmanicomi.com\/es\/reserva\/#primaryimage"},"image":{"@id":"https:\/\/restaurantmanicomi.com\/es\/reserva\/#primaryimage"},"thumbnailUrl":"https:\/\/restaurantmanicomi.com\/wp-content\/uploads\/2026\/03\/img-restaurant-manicomi-17.jpg","datePublished":"2019-12-16T17:52:21+00:00","dateModified":"2026-03-03T12:19:37+00:00","breadcrumb":{"@id":"https:\/\/restaurantmanicomi.com\/es\/reserva\/#breadcrumb"},"inLanguage":"es","potentialAction":[{"@type":"ReadAction","target":["https:\/\/restaurantmanicomi.com\/es\/reserva\/"]}]},{"@type":"ImageObject","inLanguage":"es","@id":"https:\/\/restaurantmanicomi.com\/es\/reserva\/#primaryimage","url":"https:\/\/restaurantmanicomi.com\/wp-content\/uploads\/2026\/03\/img-restaurant-manicomi-17.jpg","contentUrl":"https:\/\/restaurantmanicomi.com\/wp-content\/uploads\/2026\/03\/img-restaurant-manicomi-17.jpg","width":1200,"height":800},{"@type":"BreadcrumbList","@id":"https:\/\/restaurantmanicomi.com\/es\/reserva\/#breadcrumb","itemListElement":[{"@type":"ListItem","position":1,"name":"Inici","item":"https:\/\/restaurantmanicomi.com\/es\/"},{"@type":"ListItem","position":2,"name":"Reserva"}]},{"@type":"WebSite","@id":"https:\/\/restaurantmanicomi.com\/#website","url":"https:\/\/restaurantmanicomi.com\/","name":"Restaurant Manicomi","description":"Descobreix l\u2019ess\u00e8ncia de la cuina innovadora a Balaguer, viu una experi\u00e8ncia gastron\u00f2mica \u00fanica.","potentialAction":[{"@type":"SearchAction","target":{"@type":"EntryPoint","urlTemplate":"https:\/\/restaurantmanicomi.com\/?s={search_term_string}"},"query-input":"required name=search_term_string"}],"inLanguage":"es"}]}},"_links":{"self":[{"href":"https:\/\/restaurantmanicomi.com\/es\/wp-json\/wp\/v2\/pages\/4139","targetHints":{"allow":["GET"]}}],"collection":[{"href":"https:\/\/restaurantmanicomi.com\/es\/wp-json\/wp\/v2\/pages"}],"about":[{"href":"https:\/\/restaurantmanicomi.com\/es\/wp-json\/wp\/v2\/types\/page"}],"author":[{"embeddable":true,"href":"https:\/\/restaurantmanicomi.com\/es\/wp-json\/wp\/v2\/users\/1"}],"replies":[{"embeddable":true,"href":"https:\/\/restaurantmanicomi.com\/es\/wp-json\/wp\/v2\/comments?post=4139"}],"version-history":[{"count":9,"href":"https:\/\/restaurantmanicomi.com\/es\/wp-json\/wp\/v2\/pages\/4139\/revisions"}],"predecessor-version":[{"id":4428,"href":"https:\/\/restaurantmanicomi.com\/es\/wp-json\/wp\/v2\/pages\/4139\/revisions\/4428"}],"wp:featuredmedia":[{"embeddable":true,"href":"https:\/\/restaurantmanicomi.com\/es\/wp-json\/wp\/v2\/media\/4198"}],"wp:attachment":[{"href":"https:\/\/restaurantmanicomi.com\/es\/wp-json\/wp\/v2\/media?parent=4139"}],"curies":[{"name":"wp","href":"https:\/\/api.w.org\/{rel}","templated":true}]}}